{"id":77,"date":"2022-12-29T15:56:40","date_gmt":"2022-12-29T15:56:40","guid":{"rendered":"https:\/\/bcomm.ro\/acsol\/about\/"},"modified":"2023-01-06T11:35:08","modified_gmt":"2023-01-06T11:35:08","slug":"about","status":"publish","type":"page","link":"https:\/\/bcomm.ro\/acsol\/ro\/about\/","title":{"rendered":"Despre"},"content":{"rendered":"<div data-elementor-type=\"wp-page\" data-elementor-id=\"77\" class=\"elementor elementor-77\">\n\t\t\t\t\t\t<section class=\"elementor-section elementor-top-section elementor-element elementor-element-5d568c21 elementor-section-height-min-height elementor-section-boxed elementor-section-height-default elementor-section-items-middle\" data-id=\"5d568c21\" data-element_type=\"section\" data-settings=\"{&quot;background_background&quot;:&quot;classic&quot;}\">\n\t\t\t\t\t\t\t<div class=\"elementor-background-overlay\"><\/div>\n\t\t\t\t\t\t\t<div class=\"elementor-container elementor-column-gap-default\">\n\t\t\t\t\t<div class=\"elementor-column elementor-col-100 elementor-top-column elementor-element elementor-element-b740f4a\" data-id=\"b740f4a\" data-element_type=\"column\">\n\t\t\t<div class=\"elementor-widget-wrap elementor-element-populated\">\n\t\t\t\t\t\t<div class=\"elementor-element elementor-element-a20fd40 elementor-widget elementor-widget-heading\" data-id=\"a20fd40\" data-element_type=\"widget\" data-widget_type=\"heading.default\">\n\t\t\t\t<div class=\"elementor-widget-container\">\n\t\t\t\t\t<h3 class=\"elementor-heading-title elementor-size-default\">ACSOL <b>Online Learning Toolkit<b><\/h3>\t\t\t\t<\/div>\n\t\t\t\t<\/div>\n\t\t\t\t<div class=\"elementor-element elementor-element-1e489a1 elementor-widget elementor-widget-heading\" data-id=\"1e489a1\" data-element_type=\"widget\" data-widget_type=\"heading.default\">\n\t\t\t\t<div class=\"elementor-widget-container\">\n\t\t\t\t\t<h1 class=\"elementor-heading-title elementor-size-default\">antreneaz\u0103-\u021bi abilit\u0103\u021bile digitale \n <b><br> r\u0103m\u00e2i competitiv pe piata muncii<\/b><\/h1>\t\t\t\t<\/div>\n\t\t\t\t<\/div>\n\t\t\t\t<div class=\"elementor-element elementor-element-5bd8d5c elementor-align-center elementor-widget elementor-widget-button\" data-id=\"5bd8d5c\" data-element_type=\"widget\" data-widget_type=\"button.default\">\n\t\t\t\t<div class=\"elementor-widget-container\">\n\t\t\t\t\t\t\t\t\t<div class=\"elementor-button-wrapper\">\n\t\t\t\t\t<a class=\"elementor-button elementor-button-link elementor-size-sm elementor-animation-float\" href=\"#about\">\n\t\t\t\t\t\t<span class=\"elementor-button-content-wrapper\">\n\t\t\t\t\t\t<span class=\"elementor-button-icon\">\n\t\t\t\t<svg xmlns=\"http:\/\/www.w3.org\/2000\/svg\" id=\"bb64cb4a-5cee-426f-944d-5ba66396baf0\" data-name=\"Layer 1\" width=\"8\" height=\"13\" viewbox=\"0 0 8 13\"><title>arrow-icon-down<\/title><path d=\"M7.894,8.8227a.386.386,0,0,0-.5415-.0012L4.3763,11.7386V.3735A.3678.3678,0,0,0,4.189.05.3837.3837,0,0,0,3.81.05a.3678.3678,0,0,0-.1873.3233V11.7386L.6469,8.8227a.3829.3829,0,0,0-.5332-.0092A.3613.3613,0,0,0,0,9.0766a.3825.3825,0,0,0,.1125.2679l3.62,3.5476a.3835.3835,0,0,0,.5332,0L7.8848,9.3453A.3631.3631,0,0,0,8,9.086L8,9.08A.3638.3638,0,0,0,7.894,8.8227Z\"><\/path><\/svg>\t\t\t<\/span>\n\t\t\t\t\t\t\t\t\t<span class=\"elementor-button-text\">Find out more<\/span>\n\t\t\t\t\t<\/span>\n\t\t\t\t\t<\/a>\n\t\t\t\t<\/div>\n\t\t\t\t\t\t\t\t<\/div>\n\t\t\t\t<\/div>\n\t\t\t\t\t<\/div>\n\t\t<\/div>\n\t\t\t\t\t<\/div>\n\t\t<\/section>\n\t\t\t\t<section class=\"elementor-section elementor-top-section elementor-element elementor-element-5999d49 elementor-section-boxed elementor-section-height-default elementor-section-height-default\" data-id=\"5999d49\" data-element_type=\"section\">\n\t\t\t\t\t\t<div class=\"elementor-container elementor-column-gap-default\">\n\t\t\t\t\t<div class=\"elementor-column elementor-col-100 elementor-top-column elementor-element elementor-element-73409d0a\" data-id=\"73409d0a\" data-element_type=\"column\">\n\t\t\t<div class=\"elementor-widget-wrap elementor-element-populated\">\n\t\t\t\t\t\t<section class=\"elementor-section elementor-inner-section elementor-element elementor-element-1cd957c elementor-section-boxed elementor-section-height-default elementor-section-height-default\" data-id=\"1cd957c\" data-element_type=\"section\">\n\t\t\t\t\t\t<div class=\"elementor-container elementor-column-gap-default\">\n\t\t\t\t\t<div class=\"elementor-column elementor-col-100 elementor-inner-column elementor-element elementor-element-0c3219a\" data-id=\"0c3219a\" data-element_type=\"column\">\n\t\t\t<div class=\"elementor-widget-wrap elementor-element-populated\">\n\t\t\t\t\t\t<div class=\"elementor-element elementor-element-4334b6a elementor-widget elementor-widget-heading\" data-id=\"4334b6a\" data-element_type=\"widget\" data-widget_type=\"heading.default\">\n\t\t\t\t<div class=\"elementor-widget-container\">\n\t\t\t\t\t<h3 class=\"elementor-heading-title elementor-size-default\">ACSOL <b><br> Acquiring Crisis-proof Skills through Online Learning<b><\/h3>\t\t\t\t<\/div>\n\t\t\t\t<\/div>\n\t\t\t\t<div class=\"elementor-element elementor-element-960d079 elementor-widget elementor-widget-menu-anchor\" data-id=\"960d079\" data-element_type=\"widget\" data-widget_type=\"menu-anchor.default\">\n\t\t\t\t<div class=\"elementor-widget-container\">\n\t\t\t\t\t\t\t<div class=\"elementor-menu-anchor\" id=\"about\"><\/div>\n\t\t\t\t\t\t<\/div>\n\t\t\t\t<\/div>\n\t\t\t\t\t<\/div>\n\t\t<\/div>\n\t\t\t\t\t<\/div>\n\t\t<\/section>\n\t\t\t\t\t<\/div>\n\t\t<\/div>\n\t\t\t\t\t<\/div>\n\t\t<\/section>\n\t\t\t\t<section class=\"elementor-section elementor-top-section elementor-element elementor-element-2d52edd elementor-section-boxed elementor-section-height-default elementor-section-height-default\" data-id=\"2d52edd\" data-element_type=\"section\">\n\t\t\t\t\t\t<div class=\"elementor-container elementor-column-gap-default\">\n\t\t\t\t\t<div class=\"elementor-column elementor-col-100 elementor-top-column elementor-element elementor-element-06a53fa\" data-id=\"06a53fa\" data-element_type=\"column\">\n\t\t\t<div class=\"elementor-widget-wrap elementor-element-populated\">\n\t\t\t\t\t\t<section class=\"elementor-section elementor-inner-section elementor-element elementor-element-0752af1 elementor-section-boxed elementor-section-height-default elementor-section-height-default\" data-id=\"0752af1\" data-element_type=\"section\">\n\t\t\t\t\t\t<div class=\"elementor-container elementor-column-gap-default\">\n\t\t\t\t\t<div class=\"elementor-column elementor-col-100 elementor-inner-column elementor-element elementor-element-e2f286c\" data-id=\"e2f286c\" data-element_type=\"column\">\n\t\t\t<div class=\"elementor-widget-wrap elementor-element-populated\">\n\t\t\t\t\t\t<div class=\"elementor-element elementor-element-31a7d9a elementor-widget elementor-widget-heading\" data-id=\"31a7d9a\" data-element_type=\"widget\" data-widget_type=\"heading.default\">\n\t\t\t\t<div class=\"elementor-widget-container\">\n\t\t\t\t\t<h3 class=\"elementor-heading-title elementor-size-default\"> <b>ABOUT THE PROJECT<b><\/h3>\t\t\t\t<\/div>\n\t\t\t\t<\/div>\n\t\t\t\t\t<\/div>\n\t\t<\/div>\n\t\t\t\t\t<\/div>\n\t\t<\/section>\n\t\t\t\t<div class=\"elementor-element elementor-element-4abe401 elementor-widget elementor-widget-text-editor\" data-id=\"4abe401\" data-element_type=\"widget\" data-widget_type=\"text-editor.default\">\n\t\t\t\t<div class=\"elementor-widget-container\">\n\t\t\t\t\t\t\t\t\t<p>The ultimate aim of the ACSOL project is to expand adult digital skills training provision through online learning targeting two covid-19 vulnerable sectors: workers in social care\/health support and workers in the entertainment, arts and culture sector.<\/p><p>To this purpose, the Consortium will design and develop an e-learning toolkit, which will enhance the digital literacy skills and specific skills of current low-skilled workers, through training so that they can cope with the crisis caused by COVID-19 and increase their chances of improving their working conditions.<\/p><ul><li>To create the conditions for making lifelong learning and employability a competitive advantage for workers in social care and entertainment, arts and culture activities in our participating regions.<\/li><li>To develop new digital approaches to training matching specific sectorial needs on social care and entertainment, arts and culture activities.<\/li><li>To provide low-skilled workers and micro size companies with digital skills through open educational resources.<\/li><li>To increase the awareness of EU business and VET community about the importance of supporting workers with digital skill.<\/li><\/ul>\t\t\t\t\t\t\t\t<\/div>\n\t\t\t\t<\/div>\n\t\t\t\t\t<\/div>\n\t\t<\/div>\n\t\t\t\t\t<\/div>\n\t\t<\/section>\n\t\t\t\t<section class=\"elementor-section elementor-top-section elementor-element elementor-element-759bebc elementor-section-boxed elementor-section-height-default elementor-section-height-default\" data-id=\"759bebc\" data-element_type=\"section\">\n\t\t\t\t\t\t<div class=\"elementor-container elementor-column-gap-default\">\n\t\t\t\t\t<div class=\"elementor-column elementor-col-100 elementor-top-column elementor-element elementor-element-796e3bf\" data-id=\"796e3bf\" data-element_type=\"column\">\n\t\t\t<div class=\"elementor-widget-wrap elementor-element-populated\">\n\t\t\t\t\t\t<section class=\"elementor-section elementor-inner-section elementor-element elementor-element-e6b237d elementor-section-boxed elementor-section-height-default elementor-section-height-default\" data-id=\"e6b237d\" data-element_type=\"section\">\n\t\t\t\t\t\t<div class=\"elementor-container elementor-column-gap-default\">\n\t\t\t\t\t<div class=\"elementor-column elementor-col-100 elementor-inner-column elementor-element elementor-element-2a961d6\" data-id=\"2a961d6\" data-element_type=\"column\">\n\t\t\t<div class=\"elementor-widget-wrap elementor-element-populated\">\n\t\t\t\t\t\t<div class=\"elementor-element elementor-element-164e59b elementor-widget elementor-widget-heading\" data-id=\"164e59b\" data-element_type=\"widget\" data-widget_type=\"heading.default\">\n\t\t\t\t<div class=\"elementor-widget-container\">\n\t\t\t\t\t<h3 class=\"elementor-heading-title elementor-size-default\">de ce <b>ACSOL Online Learning Toolkit<b><\/h3>\t\t\t\t<\/div>\n\t\t\t\t<\/div>\n\t\t\t\t<div class=\"elementor-element elementor-element-c48c37f elementor-widget elementor-widget-heading\" data-id=\"c48c37f\" data-element_type=\"widget\" data-widget_type=\"heading.default\">\n\t\t\t\t<div class=\"elementor-widget-container\">\n\t\t\t\t\t<h2 class=\"elementor-heading-title elementor-size-default\">spore\u0219te-\u021bi cuno\u0219tin\u021bele  <b>r\u0103m\u00e2i competitiv pe pia\u021ba muncii<b><\/h2>\t\t\t\t<\/div>\n\t\t\t\t<\/div>\n\t\t\t\t\t<\/div>\n\t\t<\/div>\n\t\t\t\t\t<\/div>\n\t\t<\/section>\n\t\t\t\t<section class=\"elementor-section elementor-inner-section elementor-element elementor-element-86e57ca elementor-section-full_width elementor-section-height-default elementor-section-height-default\" data-id=\"86e57ca\" data-element_type=\"section\">\n\t\t\t\t\t\t<div class=\"elementor-container elementor-column-gap-default\">\n\t\t\t\t\t<div class=\"elementor-column elementor-col-33 elementor-inner-column elementor-element elementor-element-6ef0005\" data-id=\"6ef0005\" data-element_type=\"column\">\n\t\t\t<div class=\"elementor-widget-wrap elementor-element-populated\">\n\t\t\t\t\t\t<div class=\"elementor-element elementor-element-414b615 elementor-view-default elementor-position-top elementor-mobile-position-top elementor-widget elementor-widget-icon-box\" data-id=\"414b615\" data-element_type=\"widget\" data-widget_type=\"icon-box.default\">\n\t\t\t\t<div class=\"elementor-widget-container\">\n\t\t\t\t\t\t\t<div class=\"elementor-icon-box-wrapper\">\n\n\t\t\t\t\t\t<div class=\"elementor-icon-box-icon\">\n\t\t\t\t<span  class=\"elementor-icon\">\n\t\t\t\t<svg xmlns=\"http:\/\/www.w3.org\/2000\/svg\" id=\"a848093e-1c77-42ed-860b-57ad356a951d\" data-name=\"Layer 1\" width=\"89\" height=\"66.9995\" viewbox=\"0 0 89 66.9995\"><path d=\"M80.5,12.5a1,1,0,0,0-1-1h-49a1,1,0,0,0,0,2h49A1,1,0,0,0,80.5,12.5Z\"><\/path><path d=\"M74,24a5.9688,5.9688,0,0,0-4,1.5405,6,6,0,1,0,0,8.919A5.9961,5.9961,0,1,0,74,24Zm-5.2531,8.8934a4,4,0,1,1,0-5.7868,5.9778,5.9778,0,0,0,0,5.7868ZM74,34a4,4,0,1,1,4-4A3.9777,3.9777,0,0,1,74,34Z\"><\/path><path d=\"M20.5,26A20.5,20.5,0,1,0,41,46.5,20.5228,20.5228,0,0,0,20.5,26Zm0,39A18.4681,18.4681,0,0,1,6.7518,34.1647L32.31,60.7252A18.413,18.413,0,0,1,20.5,65Zm13.2716-5.64L8.1665,32.75a18.4741,18.4741,0,0,1,25.6051,26.609Z\"><\/path><path d=\"M57,30a1,1,0,0,0-1-1H41a1,1,0,0,0,0,2H56A1,1,0,0,0,57,30Z\"><\/path><path d=\"M34.5,24a1,1,0,0,0,0,2h21a1,1,0,0,0,0-2Z\"><\/path><path d=\"M56,34H47a1,1,0,0,0,0,2h9a1,1,0,0,0,0-2Z\"><\/path><path d=\"M78,0H31A11.0125,11.0125,0,0,0,20,11V23.051h.01a.9911.9911,0,0,0,1.9807-.0062H22V11a9.01,9.01,0,0,1,9-9H78a9.01,9.01,0,0,1,9,9V37a9.01,9.01,0,0,1-9,9H44v0a.996.996,0,0,0-.0438,1.9912V48h.0418L44,48l.0021,0H78A11.0125,11.0125,0,0,0,89,37V11A11.0125,11.0125,0,0,0,78,0Z\"><\/path><\/svg>\t\t\t\t<\/span>\n\t\t\t<\/div>\n\t\t\t\n\t\t\t\t\t\t<div class=\"elementor-icon-box-content\">\n\n\t\t\t\t\t\t\t\t\t<h4 class=\"elementor-icon-box-title\">\n\t\t\t\t\t\t<span  >\n\t\t\t\t\t\t\t100% gratuit\t\t\t\t\t\t<\/span>\n\t\t\t\t\t<\/h4>\n\t\t\t\t\n\t\t\t\t\t\t\t\t\t<p class=\"elementor-icon-box-description\">\n\t\t\t\t\t\tDisponibil in 5 limbi: Englez\u0103, Spaniol\u0103, Rom\u00e2n\u0103, German\u0103 \u0219i Italian\u0103\t\t\t\t\t<\/p>\n\t\t\t\t\n\t\t\t<\/div>\n\t\t\t\n\t\t<\/div>\n\t\t\t\t\t\t<\/div>\n\t\t\t\t<\/div>\n\t\t\t\t\t<\/div>\n\t\t<\/div>\n\t\t\t\t<div class=\"elementor-column elementor-col-33 elementor-inner-column elementor-element elementor-element-4644e8d\" data-id=\"4644e8d\" data-element_type=\"column\">\n\t\t\t<div class=\"elementor-widget-wrap elementor-element-populated\">\n\t\t\t\t\t\t<div class=\"elementor-element elementor-element-b0f0656 elementor-view-default elementor-position-top elementor-mobile-position-top elementor-widget elementor-widget-icon-box\" data-id=\"b0f0656\" data-element_type=\"widget\" data-widget_type=\"icon-box.default\">\n\t\t\t\t<div class=\"elementor-widget-container\">\n\t\t\t\t\t\t\t<div class=\"elementor-icon-box-wrapper\">\n\n\t\t\t\t\t\t<div class=\"elementor-icon-box-icon\">\n\t\t\t\t<span  class=\"elementor-icon\">\n\t\t\t\t<svg xmlns=\"http:\/\/www.w3.org\/2000\/svg\" id=\"ad280ee8-d986-4e0a-bcd9-8dd9691be421\" data-name=\"Layer 1\" width=\"67\" height=\"71.5\" viewbox=\"0 0 67 71.5\"><path d=\"M49.65,7.4712c-3.4258.0376-5.9854.9819-7.6065,2.8071-1.6787,1.8906-2.3291,4.7061-1.9287,8.4092a4.75,4.75,0,0,0,.1071.4942c-1.9186.2679-3.906.6111-5.9722,1.0419-12.06-2.5132-21.6252-2.2546-28.4337.7808l-.16.0894c-.354.2436-.6982.4838-.8407,5.4248A4.9965,4.9965,0,0,0,0,31.5v35a5.0059,5.0059,0,0,0,5,5H62a5.0059,5.0059,0,0,0,5-5v-35a4.9931,4.9931,0,0,0-3.3079-4.6849c-.137-5.2291-.4876-5.4729-.8483-5.7213l-.16-.0894a25.5848,25.5848,0,0,0-4.06-1.3983,4.8552,4.8552,0,0,0,.2544-.9557c.41-3.7188-.23-6.56-1.9052-8.4448C55.5654,8.62,54.2527,7.4712,49.65,7.4712M42.0986,18.4331c-.332-3.0791.1524-5.376,1.4414-6.8267,1.125-1.2666,2.9463-1.976,5.419-2.1123l.6943.0059c2.6856.022,4.6455.7061,5.8242,2.0337,1.2832,1.4438,1.7579,3.7646,1.418,6.8564a2.8136,2.8136,0,0,1-.2436.785,6.7962,6.7962,0,0,1-1.4133,1.7822c-.0907.0909-.1818.1819-.2767.2761a9.5857,9.5857,0,0,0-3.1992,5.2622l-1.2647.0021V20.5h2.5a1,1,0,0,0,0-2h-7a1,1,0,1,0,0,2h2.5v5.9952c-.3644.0012-.82.0012-1.3847.0009a9.6239,9.6239,0,0,0-3.1279-5.2544c-.1512-.1534-.2949-.3008-.4346-.446a5.456,5.456,0,0,1-1.3225-1.8672A2.6577,2.6577,0,0,1,42.0986,18.4331ZM46.998,28.9946h1.5V29h2v-.0054h1.5a1.5,1.5,0,0,1,0,3h-5a1.5,1.5,0,0,1,0-3Zm-5.8438-7.9241a15.0964,15.0964,0,0,0,1.4073,1.575c1.27,1.2878,2.4656,2.5094,2.6632,4.8487a3.4891,3.4891,0,0,0,1.7733,6.5h5a3.4879,3.4879,0,0,0,1.6593-6.5624c.2183-2.2908,1.4277-3.5038,2.7128-4.7789.4048-.4015.8138-.8086,1.1834-1.2508a24.5164,24.5164,0,0,1,3.925,1.2586A33.0612,33.0612,0,0,1,61.699,26.5c.0136.5856.0249,1.2491.0335,2,.0612,5.3833-.0212,15.2581-.4561,33.1816l-.002.0782.0108.0761a1.1828,1.1828,0,0,1-.2071,1.04c-.0082.0093-.0246.0155-.0333.0246l.0773-.1076c-8.235-5.9037-16.8493-6.12-25.6221-.6828V22.01Q38.4373,21.4237,41.1542,21.0705ZM6.8011,26.5a33.147,33.147,0,0,1,.22-3.8389C13.2579,20.0294,21.9926,19.8128,33,22.01V62.4117c-8.2792-5.6624-16.937-5.6212-25.75.1377a1.6835,1.6835,0,0,1-.0343-.7135l.01-.0771-.002-.0772C6.7885,43.7581,6.7064,33.8833,6.7677,28.5,6.7762,27.7491,6.7875,27.0856,6.8011,26.5ZM31.0778,63.5273H10c-.1863,0-.3465-.0151-.5167-.0246C16.9557,59.0455,24.0487,59.0551,31.0778,63.5273Zm27.5438-.0058c-.043.0006-.0778.0058-.1216.0058H36.9964C44.4811,59.0486,51.5839,59.047,58.6216,63.5215ZM2,66.5v-35a2.9941,2.9941,0,0,1,2.7736-2.9771c-.0823,5.5623.02,15.44.4486,33.1343a3.1439,3.1439,0,0,0,.6967,2.5371c.7867.8975,2.1216,1.333,4.0811,1.333H33V69.5H5A3.0033,3.0033,0,0,1,2,66.5Zm63,0a3.0033,3.0033,0,0,1-3,3H35V65.5273H58.5c1.96,0,3.2949-.4355,4.082-1.333a3.147,3.147,0,0,0,.6963-2.5371c.415-17.1375.5235-26.943.4552-32.5969A2.993,2.993,0,0,1,65,31.5Z\"><\/path><path d=\"M40.293,6.707a1,1,0,0,0,1.414-1.414l-2-2a1,1,0,0,0-1.414,1.414Z\"><\/path><path d=\"M57,7a.9967.9967,0,0,0,.707-.293l2-2a1,1,0,1,0-1.414-1.414l-2,2A1,1,0,0,0,57,7Z\"><\/path><path d=\"M49,5a1,1,0,0,0,1-1V1a1,1,0,0,0-2,0V4A1,1,0,0,0,49,5Z\"><\/path><path d=\"M11.001,35.5a.9926.9926,0,0,0,.563-.1743c5.519-3.7695,10.7016-3.7754,15.8462-.0181a1,1,0,0,0,1.18-1.6152c-5.8305-4.2578-11.937-4.2637-18.1538-.0181A1,1,0,0,0,11.001,35.5Z\"><\/path><path d=\"M11.001,42.5a.999.999,0,0,0,.563-.1738c5.519-3.7715,10.7016-3.7744,15.8462-.0186a1,1,0,0,0,1.18-1.6152c-5.8305-4.2569-11.937-4.2637-18.1538-.0186A1,1,0,0,0,11.001,42.5Z\"><\/path><path d=\"M11.001,49.5a.999.999,0,0,0,.563-.1738c5.519-3.7715,10.7016-3.7754,15.8462-.0186a1,1,0,0,0,1.18-1.6152c-5.8305-4.2578-11.937-4.2637-18.1538-.0186A1,1,0,0,0,11.001,49.5Z\"><\/path><path d=\"M40.001,42.5a1.0017,1.0017,0,0,0,.5635-.1738c5.5175-3.77,10.7031-3.7744,15.8457-.0186a1,1,0,1,0,1.18-1.6152c-5.83-4.2578-11.9375-4.2622-18.1543-.0186A1,1,0,0,0,40.001,42.5Z\"><\/path><path d=\"M40.001,49.5a1.0017,1.0017,0,0,0,.5635-.1738c5.5175-3.77,10.7031-3.7754,15.8457-.0186a1,1,0,1,0,1.18-1.6152c-5.83-4.2569-11.9375-4.2627-18.1543-.0186A1,1,0,0,0,40.001,49.5Z\"><\/path><\/svg>\t\t\t\t<\/span>\n\t\t\t<\/div>\n\t\t\t\n\t\t\t\t\t\t<div class=\"elementor-icon-box-content\">\n\n\t\t\t\t\t\t\t\t\t<h4 class=\"elementor-icon-box-title\">\n\t\t\t\t\t\t<span  >\n\t\t\t\t\t\t\tcontinut validat\t\t\t\t\t\t<\/span>\n\t\t\t\t\t<\/h4>\n\t\t\t\t\n\t\t\t\t\t\t\t\t\t<p class=\"elementor-icon-box-description\">\n\t\t\t\t\t\tCon\u021binut validat de exper\u021bi \u00een educa\u021bie \u0219i training din Universit\u0103\u021bi Europene \t\t\t\t\t<\/p>\n\t\t\t\t\n\t\t\t<\/div>\n\t\t\t\n\t\t<\/div>\n\t\t\t\t\t\t<\/div>\n\t\t\t\t<\/div>\n\t\t\t\t\t<\/div>\n\t\t<\/div>\n\t\t\t\t<div class=\"elementor-column elementor-col-33 elementor-inner-column elementor-element elementor-element-3b23799\" data-id=\"3b23799\" data-element_type=\"column\">\n\t\t\t<div class=\"elementor-widget-wrap elementor-element-populated\">\n\t\t\t\t\t\t<div class=\"elementor-element elementor-element-f9e952e elementor-view-default elementor-position-top elementor-mobile-position-top elementor-widget elementor-widget-icon-box\" data-id=\"f9e952e\" data-element_type=\"widget\" data-widget_type=\"icon-box.default\">\n\t\t\t\t<div class=\"elementor-widget-container\">\n\t\t\t\t\t\t\t<div class=\"elementor-icon-box-wrapper\">\n\n\t\t\t\t\t\t<div class=\"elementor-icon-box-icon\">\n\t\t\t\t<span  class=\"elementor-icon\">\n\t\t\t\t<svg xmlns=\"http:\/\/www.w3.org\/2000\/svg\" id=\"b96dd37e-48bf-47c5-b029-2a3c1bcda2cf\" data-name=\"Layer 1\" width=\"76.0078\" height=\"59\" viewbox=\"0 0 76.0078 59\"><path d=\"M15,35H60a4.0039,4.0039,0,0,0,4-4V9a4.0042,4.0042,0,0,0-4-4H15a4.0045,4.0045,0,0,0-4,4V31A4.0042,4.0042,0,0,0,15,35ZM13,9a2.002,2.002,0,0,1,2-2H60a2.0023,2.0023,0,0,1,2,2V31a2.0027,2.0027,0,0,1-2,2H15a2.0023,2.0023,0,0,1-2-2Z\"><\/path><path d=\"M76.0078,51.2549l-7.3691-13.211H68.42A3.9573,3.9573,0,0,0,69,36V4a4.0042,4.0042,0,0,0-4-4H10A4.0045,4.0045,0,0,0,6,4V36a3.9565,3.9565,0,0,0,.58,2.0439H6.4746L.0317,51.4238v.1416H0V56a3,3,0,0,0,3,3H73a3.0008,3.0008,0,0,0,3-3V53.5537h.0078ZM8,4a2.002,2.002,0,0,1,2-2H65a2.0023,2.0023,0,0,1,2,2V36a2.0027,2.0027,0,0,1-2,2H10a2.0023,2.0023,0,0,1-2-2ZM7.7314,40.0439H67.4648l6.42,11.51H49.38L47.6709,47.26A1.9891,1.9891,0,0,0,45.8135,46H30.8677a1.9982,1.9982,0,0,0-1.84,1.2148l-1.85,4.3389H2.189Zm21.6211,11.51L30.8677,48H45.8135l1.4146,3.5537ZM74,56a1,1,0,0,1-1,1H3a1,1,0,0,1-1-1V53.5654H74Z\"><\/path><\/svg>\t\t\t\t<\/span>\n\t\t\t<\/div>\n\t\t\t\n\t\t\t\t\t\t<div class=\"elementor-icon-box-content\">\n\n\t\t\t\t\t\t\t\t\t<h4 class=\"elementor-icon-box-title\">\n\t\t\t\t\t\t<span  >\n\t\t\t\t\t\t\tdisponibil oriunde\t\t\t\t\t\t<\/span>\n\t\t\t\t\t<\/h4>\n\t\t\t\t\n\t\t\t\t\t\t\t\t\t<p class=\"elementor-icon-box-description\">\n\t\t\t\t\t\tO extraordinar\u0103 resurs\u0103 pedagogic\u0103 digital\u0103 pentru lucr\u0103torii din toat\u0103 Europa\t\t\t\t\t<\/p>\n\t\t\t\t\n\t\t\t<\/div>\n\t\t\t\n\t\t<\/div>\n\t\t\t\t\t\t<\/div>\n\t\t\t\t<\/div>\n\t\t\t\t\t<\/div>\n\t\t<\/div>\n\t\t\t\t\t<\/div>\n\t\t<\/section>\n\t\t\t\t\t<\/div>\n\t\t<\/div>\n\t\t\t\t\t<\/div>\n\t\t<\/section>\n\t\t\t\t<\/div>","protected":false},"excerpt":{"rendered":"<p>ACSOL Online Learning Toolkit TRAIN YOUR DIGITAL SKILLS BE COMPETITIVE FOR THE FUTURE OF WORK arrow-icon-down Find out more ACSOL Acquiring Crisis-proof Skills through Online Learning ABOUT THE PROJECT The ultimate aim of the ACSOL project is to expand adult digital skills training provision through online learning targeting two covid-19 vulnerable sectors: workers in social&hellip; <a class=\"more-link\" href=\"https:\/\/bcomm.ro\/acsol\/ro\/about\/\">Continu\u0103 lectura <span class=\"screen-reader-text\">Despre<\/span><\/a><\/p>","protected":false},"author":1,"featured_media":0,"parent":0,"menu_order":0,"comment_status":"closed","ping_status":"closed","template":"elementor_header_footer","meta":{"footnotes":""},"class_list":["post-77","page","type-page","status-publish","hentry","entry"],"_links":{"self":[{"href":"https:\/\/bcomm.ro\/acsol\/ro\/wp-json\/wp\/v2\/pages\/77","targetHints":{"allow":["GET"]}}],"collection":[{"href":"https:\/\/bcomm.ro\/acsol\/ro\/wp-json\/wp\/v2\/pages"}],"about":[{"href":"https:\/\/bcomm.ro\/acsol\/ro\/wp-json\/wp\/v2\/types\/page"}],"author":[{"embeddable":true,"href":"https:\/\/bcomm.ro\/acsol\/ro\/wp-json\/wp\/v2\/users\/1"}],"replies":[{"embeddable":true,"href":"https:\/\/bcomm.ro\/acsol\/ro\/wp-json\/wp\/v2\/comments?post=77"}],"version-history":[{"count":32,"href":"https:\/\/bcomm.ro\/acsol\/ro\/wp-json\/wp\/v2\/pages\/77\/revisions"}],"predecessor-version":[{"id":1549,"href":"https:\/\/bcomm.ro\/acsol\/ro\/wp-json\/wp\/v2\/pages\/77\/revisions\/1549"}],"wp:attachment":[{"href":"https:\/\/bcomm.ro\/acsol\/ro\/wp-json\/wp\/v2\/media?parent=77"}],"curies":[{"name":"wp","href":"https:\/\/api.w.org\/{rel}","templated":true}]}}